{"id":584,"date":"2023-04-22T10:17:00","date_gmt":"2023-04-22T10:17:00","guid":{"rendered":"https:\/\/hdaccesorios.com\/48custom\/?page_id=584"},"modified":"2023-04-26T11:12:31","modified_gmt":"2023-04-26T11:12:31","slug":"aviso-legal-de-imagenes","status":"publish","type":"page","link":"https:\/\/hdaccesorios.com\/48custom\/aviso-legal-de-imagenes\/","title":{"rendered":"Aviso legal de im\u00e1genes"},"content":{"rendered":"\n<div class=\"wp-block-essential-blocks-advanced-image\"><div class=\"eb-parent-wrapper eb-parent-eb-advanced-image-sr2xzea \"><figure class=\"eb-advanced-image-wrapper eb-advanced-image-sr2xzea img-style-rounded caption-style-1 caption-horizontal-center caption-vertical-bottom bottom no-effect\" data-id=\"eb-advanced-image-sr2xzea\"><div class=\"image-wrapper\"><img decoding=\"async\" data-src=\"https:\/\/hdaccesorios.com\/48custom\/wp-content\/uploads\/2023\/04\/cropped-ms-icon-310x310-1.png\" alt=\"\" src=\"data:image\/gif;base64,R0lGODlhAQABAAAAACH5BAEKAAEALAAAAAABAAEAAAICTAEAOw==\" class=\"lazyload\" style=\"--smush-placeholder-width: 512px; --smush-placeholder-aspect-ratio: 512\/512;\" \/><\/div><\/figure><\/div><\/div>\n\n\n\n<p class=\"has-medium-font-size\">Todas las im\u00e1genes que aparecen en esta p\u00e1gina web son <strong>propiedad exclusiva de 48Custom<\/strong> o de sus respectivos due\u00f1os. <\/p>\n\n\n\n<p class=\"has-medium-font-size\">Est\u00e1 estrictamente <strong>prohibido copiar, reproducir, distribuir o utilizar estas im\u00e1genes<\/strong> sin el permiso expreso por escrito de 48Custom o de sus respectivos due\u00f1os.<\/p>\n\n\n\n<p class=\"has-link-color has-medium-font-size wp-elements-ec5c6df7dfb8f4a7f729733d82420364\">Todas las marcas y logotipos utilizados en este sitio web son propiedad de sus respectivos due\u00f1os. Si desea utilizar alguna de nuestras im\u00e1genes, comun\u00edquese con nosotros para obtener nuestro permiso previo y por escrito. <a href=\"https:\/\/hdaccesorios.com\/48custom\/contacto\/\"><strong>Contacta con nosotros!<\/strong><\/a><\/p>\n","protected":false},"excerpt":{"rendered":"<p>Todas las im\u00e1genes que aparecen en esta p\u00e1gina web son propiedad exclusiva de 48Custom o de sus respectivos due\u00f1os. Est\u00e1 estrictamente prohibido copiar, reproducir, distribuir o utilizar estas im\u00e1genes sin el permiso expreso por escrito de 48Custom o de sus respectivos due\u00f1os. Todas las marcas y logotipos utilizados en este sitio web son propiedad de [&hellip;]<\/p>\n","protected":false},"author":1,"featured_media":0,"parent":0,"menu_order":0,"comment_status":"closed","ping_status":"closed","template":"","meta":{"_eb_attr":"","footnotes":""},"class_list":["post-584","page","type-page","status-publish","hentry"],"yoast_head":"<!-- This site is optimized with the Yoast SEO plugin v27.2 - https:\/\/yoast.com\/product\/yoast-seo-wordpress\/ -->\n<title>Aviso legal de im\u00e1genes - Personalizaci\u00f3n cascos y motos<\/title>\n<meta name=\"robots\" content=\"noindex, nofollow\" \/>\n<meta property=\"og:locale\" content=\"es_ES\" \/>\n<meta property=\"og:type\" content=\"article\" \/>\n<meta property=\"og:title\" content=\"Aviso legal de im\u00e1genes - Personalizaci\u00f3n cascos y motos\" \/>\n<meta property=\"og:description\" content=\"Todas las im\u00e1genes que aparecen en esta p\u00e1gina web son propiedad exclusiva de 48Custom o de sus respectivos due\u00f1os. Est\u00e1 estrictamente prohibido copiar, reproducir, distribuir o utilizar estas im\u00e1genes sin el permiso expreso por escrito de 48Custom o de sus respectivos due\u00f1os. Todas las marcas y logotipos utilizados en este sitio web son propiedad de [&hellip;]\" \/>\n<meta property=\"og:url\" content=\"https:\/\/hdaccesorios.com\/48custom\/aviso-legal-de-imagenes\/\" \/>\n<meta property=\"og:site_name\" content=\"Personalizaci\u00f3n cascos y motos\" \/>\n<meta property=\"article:publisher\" content=\"https:\/\/www.facebook.com\/franciso.lozanotalamino\/\" \/>\n<meta property=\"article:modified_time\" content=\"2023-04-26T11:12:31+00:00\" \/>\n<meta property=\"og:image\" content=\"https:\/\/hdaccesorios.com\/48custom\/wp-content\/uploads\/2023\/04\/cropped-ms-icon-310x310-1.png\" \/>\n<meta name=\"twitter:card\" content=\"summary_large_image\" \/>\n<meta name=\"twitter:label1\" content=\"Tiempo de lectura\" \/>\n\t<meta name=\"twitter:data1\" content=\"1 minuto\" \/>\n<script type=\"application\/ld+json\" class=\"yoast-schema-graph\">{\"@context\":\"https:\/\/schema.org\",\"@graph\":[{\"@type\":\"WebPage\",\"@id\":\"https:\/\/hdaccesorios.com\/48custom\/aviso-legal-de-imagenes\/\",\"url\":\"https:\/\/hdaccesorios.com\/48custom\/aviso-legal-de-imagenes\/\",\"name\":\"Aviso legal de im\u00e1genes - Personalizaci\u00f3n cascos y motos\",\"isPartOf\":{\"@id\":\"https:\/\/hdaccesorios.com\/48custom\/#website\"},\"primaryImageOfPage\":{\"@id\":\"https:\/\/hdaccesorios.com\/48custom\/aviso-legal-de-imagenes\/#primaryimage\"},\"image\":{\"@id\":\"https:\/\/hdaccesorios.com\/48custom\/aviso-legal-de-imagenes\/#primaryimage\"},\"thumbnailUrl\":\"https:\/\/hdaccesorios.com\/48custom\/wp-content\/uploads\/2023\/04\/cropped-ms-icon-310x310-1.png\",\"datePublished\":\"2023-04-22T10:17:00+00:00\",\"dateModified\":\"2023-04-26T11:12:31+00:00\",\"breadcrumb\":{\"@id\":\"https:\/\/hdaccesorios.com\/48custom\/aviso-legal-de-imagenes\/#breadcrumb\"},\"inLanguage\":\"es\",\"potentialAction\":[{\"@type\":\"ReadAction\",\"target\":[\"https:\/\/hdaccesorios.com\/48custom\/aviso-legal-de-imagenes\/\"]}]},{\"@type\":\"ImageObject\",\"inLanguage\":\"es\",\"@id\":\"https:\/\/hdaccesorios.com\/48custom\/aviso-legal-de-imagenes\/#primaryimage\",\"url\":\"https:\/\/hdaccesorios.com\/48custom\/wp-content\/uploads\/2023\/04\/cropped-ms-icon-310x310-1.png\",\"contentUrl\":\"https:\/\/hdaccesorios.com\/48custom\/wp-content\/uploads\/2023\/04\/cropped-ms-icon-310x310-1.png\",\"width\":512,\"height\":512},{\"@type\":\"BreadcrumbList\",\"@id\":\"https:\/\/hdaccesorios.com\/48custom\/aviso-legal-de-imagenes\/#breadcrumb\",\"itemListElement\":[{\"@type\":\"ListItem\",\"position\":1,\"name\":\"Portada\",\"item\":\"https:\/\/hdaccesorios.com\/48custom\/\"},{\"@type\":\"ListItem\",\"position\":2,\"name\":\"Aviso legal de im\u00e1genes\"}]},{\"@type\":\"WebSite\",\"@id\":\"https:\/\/hdaccesorios.com\/48custom\/#website\",\"url\":\"https:\/\/hdaccesorios.com\/48custom\/\",\"name\":\"Personalizaci\u00f3n cascos y motos\",\"description\":\"Personaliza t\u00fa casco o moto\",\"publisher\":{\"@id\":\"https:\/\/hdaccesorios.com\/48custom\/#\/schema\/person\/e945b6ef1142ba610ae5021380d29178\"},\"alternateName\":\"pintar casco moto\",\"potentialAction\":[{\"@type\":\"SearchAction\",\"target\":{\"@type\":\"EntryPoint\",\"urlTemplate\":\"https:\/\/hdaccesorios.com\/48custom\/?s={search_term_string}\"},\"query-input\":{\"@type\":\"PropertyValueSpecification\",\"valueRequired\":true,\"valueName\":\"search_term_string\"}}],\"inLanguage\":\"es\"},{\"@type\":[\"Person\",\"Organization\"],\"@id\":\"https:\/\/hdaccesorios.com\/48custom\/#\/schema\/person\/e945b6ef1142ba610ae5021380d29178\",\"name\":\"48custom\",\"image\":{\"@type\":\"ImageObject\",\"inLanguage\":\"es\",\"@id\":\"https:\/\/hdaccesorios.com\/48custom\/wp-content\/uploads\/2023\/04\/48CustomLogo.jpg\",\"url\":\"https:\/\/hdaccesorios.com\/48custom\/wp-content\/uploads\/2023\/04\/48CustomLogo.jpg\",\"contentUrl\":\"https:\/\/hdaccesorios.com\/48custom\/wp-content\/uploads\/2023\/04\/48CustomLogo.jpg\",\"width\":1440,\"height\":1800,\"caption\":\"48custom\"},\"logo\":{\"@id\":\"https:\/\/hdaccesorios.com\/48custom\/wp-content\/uploads\/2023\/04\/48CustomLogo.jpg\"},\"sameAs\":[\"https:\/\/hdaccesorios.com\/48custon\",\"https:\/\/www.facebook.com\/franciso.lozanotalamino\/\"]}]}<\/script>\n<!-- \/ Yoast SEO plugin. -->","yoast_head_json":{"title":"Aviso legal de im\u00e1genes - Personalizaci\u00f3n cascos y motos","robots":{"index":"noindex","follow":"nofollow"},"og_locale":"es_ES","og_type":"article","og_title":"Aviso legal de im\u00e1genes - Personalizaci\u00f3n cascos y motos","og_description":"Todas las im\u00e1genes que aparecen en esta p\u00e1gina web son propiedad exclusiva de 48Custom o de sus respectivos due\u00f1os. Est\u00e1 estrictamente prohibido copiar, reproducir, distribuir o utilizar estas im\u00e1genes sin el permiso expreso por escrito de 48Custom o de sus respectivos due\u00f1os. Todas las marcas y logotipos utilizados en este sitio web son propiedad de [&hellip;]","og_url":"https:\/\/hdaccesorios.com\/48custom\/aviso-legal-de-imagenes\/","og_site_name":"Personalizaci\u00f3n cascos y motos","article_publisher":"https:\/\/www.facebook.com\/franciso.lozanotalamino\/","article_modified_time":"2023-04-26T11:12:31+00:00","og_image":[{"url":"https:\/\/hdaccesorios.com\/48custom\/wp-content\/uploads\/2023\/04\/cropped-ms-icon-310x310-1.png","type":"","width":"","height":""}],"twitter_card":"summary_large_image","twitter_misc":{"Tiempo de lectura":"1 minuto"},"schema":{"@context":"https:\/\/schema.org","@graph":[{"@type":"WebPage","@id":"https:\/\/hdaccesorios.com\/48custom\/aviso-legal-de-imagenes\/","url":"https:\/\/hdaccesorios.com\/48custom\/aviso-legal-de-imagenes\/","name":"Aviso legal de im\u00e1genes - Personalizaci\u00f3n cascos y motos","isPartOf":{"@id":"https:\/\/hdaccesorios.com\/48custom\/#website"},"primaryImageOfPage":{"@id":"https:\/\/hdaccesorios.com\/48custom\/aviso-legal-de-imagenes\/#primaryimage"},"image":{"@id":"https:\/\/hdaccesorios.com\/48custom\/aviso-legal-de-imagenes\/#primaryimage"},"thumbnailUrl":"https:\/\/hdaccesorios.com\/48custom\/wp-content\/uploads\/2023\/04\/cropped-ms-icon-310x310-1.png","datePublished":"2023-04-22T10:17:00+00:00","dateModified":"2023-04-26T11:12:31+00:00","breadcrumb":{"@id":"https:\/\/hdaccesorios.com\/48custom\/aviso-legal-de-imagenes\/#breadcrumb"},"inLanguage":"es","potentialAction":[{"@type":"ReadAction","target":["https:\/\/hdaccesorios.com\/48custom\/aviso-legal-de-imagenes\/"]}]},{"@type":"ImageObject","inLanguage":"es","@id":"https:\/\/hdaccesorios.com\/48custom\/aviso-legal-de-imagenes\/#primaryimage","url":"https:\/\/hdaccesorios.com\/48custom\/wp-content\/uploads\/2023\/04\/cropped-ms-icon-310x310-1.png","contentUrl":"https:\/\/hdaccesorios.com\/48custom\/wp-content\/uploads\/2023\/04\/cropped-ms-icon-310x310-1.png","width":512,"height":512},{"@type":"BreadcrumbList","@id":"https:\/\/hdaccesorios.com\/48custom\/aviso-legal-de-imagenes\/#breadcrumb","itemListElement":[{"@type":"ListItem","position":1,"name":"Portada","item":"https:\/\/hdaccesorios.com\/48custom\/"},{"@type":"ListItem","position":2,"name":"Aviso legal de im\u00e1genes"}]},{"@type":"WebSite","@id":"https:\/\/hdaccesorios.com\/48custom\/#website","url":"https:\/\/hdaccesorios.com\/48custom\/","name":"Personalizaci\u00f3n cascos y motos","description":"Personaliza t\u00fa casco o moto","publisher":{"@id":"https:\/\/hdaccesorios.com\/48custom\/#\/schema\/person\/e945b6ef1142ba610ae5021380d29178"},"alternateName":"pintar casco moto","potentialAction":[{"@type":"SearchAction","target":{"@type":"EntryPoint","urlTemplate":"https:\/\/hdaccesorios.com\/48custom\/?s={search_term_string}"},"query-input":{"@type":"PropertyValueSpecification","valueRequired":true,"valueName":"search_term_string"}}],"inLanguage":"es"},{"@type":["Person","Organization"],"@id":"https:\/\/hdaccesorios.com\/48custom\/#\/schema\/person\/e945b6ef1142ba610ae5021380d29178","name":"48custom","image":{"@type":"ImageObject","inLanguage":"es","@id":"https:\/\/hdaccesorios.com\/48custom\/wp-content\/uploads\/2023\/04\/48CustomLogo.jpg","url":"https:\/\/hdaccesorios.com\/48custom\/wp-content\/uploads\/2023\/04\/48CustomLogo.jpg","contentUrl":"https:\/\/hdaccesorios.com\/48custom\/wp-content\/uploads\/2023\/04\/48CustomLogo.jpg","width":1440,"height":1800,"caption":"48custom"},"logo":{"@id":"https:\/\/hdaccesorios.com\/48custom\/wp-content\/uploads\/2023\/04\/48CustomLogo.jpg"},"sameAs":["https:\/\/hdaccesorios.com\/48custon","https:\/\/www.facebook.com\/franciso.lozanotalamino\/"]}]}},"_links":{"self":[{"href":"https:\/\/hdaccesorios.com\/48custom\/wp-json\/wp\/v2\/pages\/584","targetHints":{"allow":["GET"]}}],"collection":[{"href":"https:\/\/hdaccesorios.com\/48custom\/wp-json\/wp\/v2\/pages"}],"about":[{"href":"https:\/\/hdaccesorios.com\/48custom\/wp-json\/wp\/v2\/types\/page"}],"author":[{"embeddable":true,"href":"https:\/\/hdaccesorios.com\/48custom\/wp-json\/wp\/v2\/users\/1"}],"replies":[{"embeddable":true,"href":"https:\/\/hdaccesorios.com\/48custom\/wp-json\/wp\/v2\/comments?post=584"}],"version-history":[{"count":3,"href":"https:\/\/hdaccesorios.com\/48custom\/wp-json\/wp\/v2\/pages\/584\/revisions"}],"predecessor-version":[{"id":589,"href":"https:\/\/hdaccesorios.com\/48custom\/wp-json\/wp\/v2\/pages\/584\/revisions\/589"}],"wp:attachment":[{"href":"https:\/\/hdaccesorios.com\/48custom\/wp-json\/wp\/v2\/media?parent=584"}],"curies":[{"name":"wp","href":"https:\/\/api.w.org\/{rel}","templated":true}]}}