{"id":265,"date":"2023-04-20T16:06:17","date_gmt":"2023-04-20T16:06:17","guid":{"rendered":"https:\/\/hdaccesorios.com\/48custom\/?page_id=265"},"modified":"2023-04-29T20:36:20","modified_gmt":"2023-04-29T20:36:20","slug":"contacto","status":"publish","type":"page","link":"https:\/\/hdaccesorios.com\/48custom\/contacto\/","title":{"rendered":"Personaliza tu casco de moto con nosotros &#8211; \u00a1Cont\u00e1ctanos ahora! | 48custom"},"content":{"rendered":"\n<p>En 48custom nos encantar\u00eda saber de ti y ayudarte a personalizar tu casco. Para ponerte en contacto con nosotros, puedes llenar nuestro formulario de contacto en esta p\u00e1gina, llamarnos o escribirnos a trav\u00e9s de WhatsApp. \u00a1Esperamos tener noticias tuyas pronto!<\/p>\n\n\n\n<div class=\"wp-block-columns alignwide are-vertically-aligned-top is-layout-flex wp-container-core-columns-is-layout-28f84493 wp-block-columns-is-layout-flex\">\n<div class=\"wp-block-column is-vertically-aligned-top is-layout-flow wp-block-column-is-layout-flow\" style=\"flex-basis:450px\">\n<h3 class=\"wp-block-heading has-cyan-bluish-gray-color has-text-color\" style=\"text-decoration:underline\">Redes Sociales<\/h3>\n\n\n\n<div class=\"wp-block-columns is-layout-flex wp-container-core-columns-is-layout-70457ddf wp-block-columns-is-layout-flex\" style=\"padding-top:0px\">\n<div class=\"wp-block-column is-layout-flow wp-block-column-is-layout-flow\" style=\"padding-top:30px;flex-basis:365px\">\n<div class=\"wp-block-group is-vertical is-layout-flex wp-container-core-group-is-layout-92b27ee0 wp-block-group-is-layout-flex\">\n<div class=\"wp-block-group is-nowrap is-layout-flex wp-container-core-group-is-layout-6c531013 wp-block-group-is-layout-flex\">\n<ul class=\"wp-block-social-links is-layout-flex wp-block-social-links-is-layout-flex\"><li class=\"wp-social-link wp-social-link-whatsapp  noclick wp-block-social-link\"><a href=\"https:\/\/llama%20o%20escribenos\" class=\"wp-block-social-link-anchor\"><svg width=\"24\" height=\"24\" viewBox=\"0 0 24 24\" version=\"1.1\" xmlns=\"http:\/\/www.w3.org\/2000\/svg\" aria-hidden=\"true\" focusable=\"false\"><path d=\"M 12.011719 2 C 6.5057187 2 2.0234844 6.478375 2.0214844 11.984375 C 2.0204844 13.744375 2.4814687 15.462563 3.3554688 16.976562 L 2 22 L 7.2324219 20.763672 C 8.6914219 21.559672 10.333859 21.977516 12.005859 21.978516 L 12.009766 21.978516 C 17.514766 21.978516 21.995047 17.499141 21.998047 11.994141 C 22.000047 9.3251406 20.962172 6.8157344 19.076172 4.9277344 C 17.190172 3.0407344 14.683719 2.001 12.011719 2 z M 12.009766 4 C 14.145766 4.001 16.153109 4.8337969 17.662109 6.3417969 C 19.171109 7.8517969 20.000047 9.8581875 19.998047 11.992188 C 19.996047 16.396187 16.413812 19.978516 12.007812 19.978516 C 10.674812 19.977516 9.3544062 19.642812 8.1914062 19.007812 L 7.5175781 18.640625 L 6.7734375 18.816406 L 4.8046875 19.28125 L 5.2851562 17.496094 L 5.5019531 16.695312 L 5.0878906 15.976562 C 4.3898906 14.768562 4.0204844 13.387375 4.0214844 11.984375 C 4.0234844 7.582375 7.6067656 4 12.009766 4 z M 8.4765625 7.375 C 8.3095625 7.375 8.0395469 7.4375 7.8105469 7.6875 C 7.5815469 7.9365 6.9355469 8.5395781 6.9355469 9.7675781 C 6.9355469 10.995578 7.8300781 12.182609 7.9550781 12.349609 C 8.0790781 12.515609 9.68175 15.115234 12.21875 16.115234 C 14.32675 16.946234 14.754891 16.782234 15.212891 16.740234 C 15.670891 16.699234 16.690438 16.137687 16.898438 15.554688 C 17.106437 14.971687 17.106922 14.470187 17.044922 14.367188 C 16.982922 14.263188 16.816406 14.201172 16.566406 14.076172 C 16.317406 13.951172 15.090328 13.348625 14.861328 13.265625 C 14.632328 13.182625 14.464828 13.140625 14.298828 13.390625 C 14.132828 13.640625 13.655766 14.201187 13.509766 14.367188 C 13.363766 14.534188 13.21875 14.556641 12.96875 14.431641 C 12.71875 14.305641 11.914938 14.041406 10.960938 13.191406 C 10.218937 12.530406 9.7182656 11.714844 9.5722656 11.464844 C 9.4272656 11.215844 9.5585938 11.079078 9.6835938 10.955078 C 9.7955938 10.843078 9.9316406 10.663578 10.056641 10.517578 C 10.180641 10.371578 10.223641 10.267562 10.306641 10.101562 C 10.389641 9.9355625 10.347156 9.7890625 10.285156 9.6640625 C 10.223156 9.5390625 9.737625 8.3065 9.515625 7.8125 C 9.328625 7.3975 9.131125 7.3878594 8.953125 7.3808594 C 8.808125 7.3748594 8.6425625 7.375 8.4765625 7.375 z\"><\/path><\/svg><span class=\"wp-block-social-link-label screen-reader-text\">Llama o escribenos<\/span><\/a><\/li><\/ul>\n\n\n\n<p class=\"has-text-color has-link-color wp-elements-aa3c79c8df2fd617f42486bc0f93187c\" style=\"color:#3b248a\"><strong>+34 645 75 18 11<\/strong><\/p>\n\n\n\n<p class=\"hidden\">+34 645 75 18 11<\/p>\n<\/div>\n\n\n\n<div class=\"wp-block-group is-nowrap is-layout-flex wp-container-core-group-is-layout-6c531013 wp-block-group-is-layout-flex\">\n<ul class=\"wp-block-social-links is-layout-flex wp-block-social-links-is-layout-flex\"><li class=\"wp-social-link wp-social-link-mail  wp-block-social-link\"><a href=\"mailto:4&#056;cust&#111;&#109;&#064;&#104;dacc&#101;s&#111;&#114;io&#115;.&#099;om\" class=\"wp-block-social-link-anchor\"><svg width=\"24\" height=\"24\" viewBox=\"0 0 24 24\" version=\"1.1\" xmlns=\"http:\/\/www.w3.org\/2000\/svg\" aria-hidden=\"true\" focusable=\"false\"><path d=\"M19,5H5c-1.1,0-2,.9-2,2v10c0,1.1.9,2,2,2h14c1.1,0,2-.9,2-2V7c0-1.1-.9-2-2-2zm.5,12c0,.3-.2.5-.5.5H5c-.3,0-.5-.2-.5-.5V9.8l7.5,5.6,7.5-5.6V17zm0-9.1L12,13.6,4.5,7.9V7c0-.3.2-.5.5-.5h14c.3,0,.5.2.5.5v.9z\"><\/path><\/svg><span class=\"wp-block-social-link-label screen-reader-text\">Correo electr\u00f3nico<\/span><\/a><\/li><\/ul>\n\n\n\n<p class=\"has-text-color has-link-color wp-elements-cf0460ec5a198c74a1d064ab4fb3cabc\" style=\"color:#3b248a;padding-top:0px\"><strong><a href=\"mailto:48custom@hdaccesorios.com\" target=\"_blank\" rel=\"noreferrer noopener\">48custom@hdaccesorios.com<\/a><\/strong><\/p>\n<\/div>\n\n\n\n<ul class=\"wp-block-social-links is-layout-flex wp-block-social-links-is-layout-flex\"><li class=\"wp-social-link wp-social-link-instagram  wp-block-social-link\"><a href=\"https:\/\/instagram\" class=\"wp-block-social-link-anchor\"><svg width=\"24\" height=\"24\" viewBox=\"0 0 24 24\" version=\"1.1\" xmlns=\"http:\/\/www.w3.org\/2000\/svg\" aria-hidden=\"true\" focusable=\"false\"><path d=\"M12,4.622c2.403,0,2.688,0.009,3.637,0.052c0.877,0.04,1.354,0.187,1.671,0.31c0.42,0.163,0.72,0.358,1.035,0.673 c0.315,0.315,0.51,0.615,0.673,1.035c0.123,0.317,0.27,0.794,0.31,1.671c0.043,0.949,0.052,1.234,0.052,3.637 s-0.009,2.688-0.052,3.637c-0.04,0.877-0.187,1.354-0.31,1.671c-0.163,0.42-0.358,0.72-0.673,1.035 c-0.315,0.315-0.615,0.51-1.035,0.673c-0.317,0.123-0.794,0.27-1.671,0.31c-0.949,0.043-1.233,0.052-3.637,0.052 s-2.688-0.009-3.637-0.052c-0.877-0.04-1.354-0.187-1.671-0.31c-0.42-0.163-0.72-0.358-1.035-0.673 c-0.315-0.315-0.51-0.615-0.673-1.035c-0.123-0.317-0.27-0.794-0.31-1.671C4.631,14.688,4.622,14.403,4.622,12 s0.009-2.688,0.052-3.637c0.04-0.877,0.187-1.354,0.31-1.671c0.163-0.42,0.358-0.72,0.673-1.035 c0.315-0.315,0.615-0.51,1.035-0.673c0.317-0.123,0.794-0.27,1.671-0.31C9.312,4.631,9.597,4.622,12,4.622 M12,3 C9.556,3,9.249,3.01,8.289,3.054C7.331,3.098,6.677,3.25,6.105,3.472C5.513,3.702,5.011,4.01,4.511,4.511 c-0.5,0.5-0.808,1.002-1.038,1.594C3.25,6.677,3.098,7.331,3.054,8.289C3.01,9.249,3,9.556,3,12c0,2.444,0.01,2.751,0.054,3.711 c0.044,0.958,0.196,1.612,0.418,2.185c0.23,0.592,0.538,1.094,1.038,1.594c0.5,0.5,1.002,0.808,1.594,1.038 c0.572,0.222,1.227,0.375,2.185,0.418C9.249,20.99,9.556,21,12,21s2.751-0.01,3.711-0.054c0.958-0.044,1.612-0.196,2.185-0.418 c0.592-0.23,1.094-0.538,1.594-1.038c0.5-0.5,0.808-1.002,1.038-1.594c0.222-0.572,0.375-1.227,0.418-2.185 C20.99,14.751,21,14.444,21,12s-0.01-2.751-0.054-3.711c-0.044-0.958-0.196-1.612-0.418-2.185c-0.23-0.592-0.538-1.094-1.038-1.594 c-0.5-0.5-1.002-0.808-1.594-1.038c-0.572-0.222-1.227-0.375-2.185-0.418C14.751,3.01,14.444,3,12,3L12,3z M12,7.378 c-2.552,0-4.622,2.069-4.622,4.622S9.448,16.622,12,16.622s4.622-2.069,4.622-4.622S14.552,7.378,12,7.378z M12,15 c-1.657,0-3-1.343-3-3s1.343-3,3-3s3,1.343,3,3S13.657,15,12,15z M16.804,6.116c-0.596,0-1.08,0.484-1.08,1.08 s0.484,1.08,1.08,1.08c0.596,0,1.08-0.484,1.08-1.08S17.401,6.116,16.804,6.116z\"><\/path><\/svg><span class=\"wp-block-social-link-label screen-reader-text\">Instagram<\/span><\/a><\/li><\/ul>\n\n\n\n<ul class=\"wp-block-social-links is-layout-flex wp-block-social-links-is-layout-flex\"><li class=\"wp-social-link wp-social-link-facebook  wp-block-social-link\"><a href=\"https:\/\/direccion\" class=\"wp-block-social-link-anchor\"><svg width=\"24\" height=\"24\" viewBox=\"0 0 24 24\" version=\"1.1\" xmlns=\"http:\/\/www.w3.org\/2000\/svg\" aria-hidden=\"true\" focusable=\"false\"><path d=\"M12 2C6.5 2 2 6.5 2 12c0 5 3.7 9.1 8.4 9.9v-7H7.9V12h2.5V9.8c0-2.5 1.5-3.9 3.8-3.9 1.1 0 2.2.2 2.2.2v2.5h-1.3c-1.2 0-1.6.8-1.6 1.6V12h2.8l-.4 2.9h-2.3v7C18.3 21.1 22 17 22 12c0-5.5-4.5-10-10-10z\"><\/path><\/svg><span class=\"wp-block-social-link-label screen-reader-text\">Facebook<\/span><\/a><\/li><\/ul>\n\n\n\n<ul class=\"wp-block-social-links is-layout-flex wp-block-social-links-is-layout-flex\"><li class=\"wp-social-link wp-social-link-pinterest  wp-block-social-link\"><a href=\"https:\/\/direccion\" class=\"wp-block-social-link-anchor\"><svg width=\"24\" height=\"24\" viewBox=\"0 0 24 24\" version=\"1.1\" xmlns=\"http:\/\/www.w3.org\/2000\/svg\" aria-hidden=\"true\" focusable=\"false\"><path d=\"M12.289,2C6.617,2,3.606,5.648,3.606,9.622c0,1.846,1.025,4.146,2.666,4.878c0.25,0.111,0.381,0.063,0.439-0.169 c0.044-0.175,0.267-1.029,0.365-1.428c0.032-0.128,0.017-0.237-0.091-0.362C6.445,11.911,6.01,10.75,6.01,9.668 c0-2.777,2.194-5.464,5.933-5.464c3.23,0,5.49,2.108,5.49,5.122c0,3.407-1.794,5.768-4.13,5.768c-1.291,0-2.257-1.021-1.948-2.277 c0.372-1.495,1.089-3.112,1.089-4.191c0-0.967-0.542-1.775-1.663-1.775c-1.319,0-2.379,1.309-2.379,3.059 c0,1.115,0.394,1.869,0.394,1.869s-1.302,5.279-1.54,6.261c-0.405,1.666,0.053,4.368,0.094,4.604 c0.021,0.126,0.167,0.169,0.25,0.063c0.129-0.165,1.699-2.419,2.142-4.051c0.158-0.59,0.817-2.995,0.817-2.995 c0.43,0.784,1.681,1.446,3.013,1.446c3.963,0,6.822-3.494,6.822-7.833C20.394,5.112,16.849,2,12.289,2\"><\/path><\/svg><span class=\"wp-block-social-link-label screen-reader-text\">Pinterest<\/span><\/a><\/li><\/ul>\n<\/div>\n<\/div>\n<\/div>\n\n\n\n<h2 class=\"wp-block-heading\"><\/h2>\n<\/div>\n\n\n\n<div class=\"wp-block-column is-vertically-aligned-top is-layout-flow wp-block-column-is-layout-flow\">\n<h3 class=\"wp-block-heading has-cyan-bluish-gray-color has-text-color\" style=\"text-decoration:underline\">Formulario<\/h3>\n\n\n<style id=\"wpforms-css-vars-263-block-551d6292-da24-4685-9bd4-99177e9536aa\">\n\t\t\t\t#wpforms-263.wpforms-block-551d6292-da24-4685-9bd4-99177e9536aa {\n\t\t\t\t--wpforms-field-border-radius: 11px;\n--wpforms-field-border-color: #000000;\n--wpforms-field-border-color-spare: #000000;\n--wpforms-button-border-radius: 0px;\n\t\t\t}\n\t\t\t<\/style><div class=\"wpforms-container wpforms-container-full wpforms-block wpforms-block-551d6292-da24-4685-9bd4-99177e9536aa wpforms-render-modern\" id=\"wpforms-263\"><form id=\"wpforms-form-263\" class=\"wpforms-validate wpforms-form wpforms-ajax-form\" data-formid=\"263\" method=\"post\" enctype=\"multipart\/form-data\" action=\"\/48custom\/wp-json\/wp\/v2\/pages\/265\" data-token=\"3495e0fee5c54b18c1b0da0ddbe7fece\" data-token-time=\"1776785480\"><noscript class=\"wpforms-error-noscript\">Por favor, activa JavaScript en tu navegador para completar este formulario.<\/noscript><div id=\"wpforms-error-noscript\" style=\"display: none;\">Por favor, activa JavaScript en tu navegador para completar este formulario.<\/div><div class=\"wpforms-field-container\"><div id=\"wpforms-263-field_0-container\" class=\"wpforms-field wpforms-field-name\" data-field-id=\"0\"><label class=\"wpforms-field-label\" for=\"wpforms-263-field_0\">Nombre <span class=\"wpforms-required-label\" aria-hidden=\"true\">*<\/span><\/label><input type=\"text\" id=\"wpforms-263-field_0\" class=\"wpforms-field-medium wpforms-field-required\" name=\"wpforms[fields][0]\" aria-errormessage=\"wpforms-263-field_0-error\" required><\/div><div id=\"wpforms-263-field_1-container\" class=\"wpforms-field wpforms-field-email\" data-field-id=\"1\"><label class=\"wpforms-field-label\" for=\"wpforms-263-field_1\">Correo electr\u00f3nico <span class=\"wpforms-required-label\" aria-hidden=\"true\">*<\/span><\/label><input type=\"email\" id=\"wpforms-263-field_1\" class=\"wpforms-field-medium wpforms-field-required\" name=\"wpforms[fields][1]\" spellcheck=\"false\" aria-errormessage=\"wpforms-263-field_1-error\" required><\/div><div id=\"wpforms-263-field_2-container\" class=\"wpforms-field wpforms-field-textarea\" data-field-id=\"2\"><label class=\"wpforms-field-label\" for=\"wpforms-263-field_2\">Comentario o mensaje<\/label><textarea id=\"wpforms-263-field_2\" class=\"wpforms-field-medium wpforms-limit-characters-enabled\" data-form-id=\"263\" data-field-id=\"2\" data-text-limit=\"3000\" name=\"wpforms[fields][2]\" aria-errormessage=\"wpforms-263-field_2-error\" maxlength=\"3000\" ><\/textarea><\/div><\/div><!-- .wpforms-field-container --><div class=\"wpforms-recaptcha-container wpforms-is-recaptcha wpforms-is-recaptcha-type-v2\" ><div class=\"g-recaptcha\" data-sitekey=\"6LdseRIlAAAAAOa5NckgGvX4CAoMaxSI937SwD7J\"><\/div><input type=\"text\" name=\"g-recaptcha-hidden\" class=\"wpforms-recaptcha-hidden\" style=\"position:absolute!important;clip:rect(0,0,0,0)!important;height:1px!important;width:1px!important;border:0!important;overflow:hidden!important;padding:0!important;margin:0!important;\" data-rule-recaptcha=\"1\"><\/div><div class=\"wpforms-submit-container\" ><input type=\"hidden\" name=\"wpforms[id]\" value=\"263\"><input type=\"hidden\" name=\"page_title\" value=\"\"><input type=\"hidden\" name=\"page_url\" value=\"https:\/\/hdaccesorios.com\/48custom\/wp-json\/wp\/v2\/pages\/265\"><input type=\"hidden\" name=\"url_referer\" value=\"\"><button type=\"submit\" name=\"wpforms[submit]\" id=\"wpforms-submit-263\" class=\"wpforms-submit\" data-alt-text=\"Enviando...\" data-submit-text=\"Enviar\" aria-live=\"assertive\" value=\"wpforms-submit\">Enviar<\/button><img decoding=\"async\" data-src=\"https:\/\/hdaccesorios.com\/48custom\/wp-content\/plugins\/wpforms-lite\/assets\/images\/submit-spin.svg\" class=\"wpforms-submit-spinner lazyload\" style=\"--smush-placeholder-width: 26px; --smush-placeholder-aspect-ratio: 26\/26;display: none;\" width=\"26\" height=\"26\" alt=\"Cargando\" src=\"data:image\/gif;base64,R0lGODlhAQABAAAAACH5BAEKAAEALAAAAAABAAEAAAICTAEAOw==\"><\/div><\/form><\/div>  <!-- .wpforms-container --><\/div>\n<\/div>\n","protected":false},"excerpt":{"rendered":"<p>En 48custom nos encantar\u00eda saber de ti y ayudarte a personalizar tu casco. Para ponerte en contacto con nosotros, puedes llenar nuestro formulario de contacto en esta p\u00e1gina, llamarnos o escribirnos a trav\u00e9s de WhatsApp. \u00a1Esperamos tener noticias tuyas pronto! Redes Sociales +34 645 75 18 11 +34 645 75 18 11 48custom@hdaccesorios.com Formulario<\/p>\n","protected":false},"author":1,"featured_media":0,"parent":0,"menu_order":0,"comment_status":"closed","ping_status":"closed","template":"","meta":{"_eb_attr":"","footnotes":""},"class_list":["post-265","page","type-page","status-publish","hentry"],"yoast_head":"<!-- This site is optimized with the Yoast SEO plugin v27.2 - https:\/\/yoast.com\/product\/yoast-seo-wordpress\/ -->\n<title>Personaliza tu casco de moto con nosotros - \u00a1Cont\u00e1ctanos ahora! | 48custom - Personalizaci\u00f3n cascos y motos<\/title>\n<meta name=\"description\" content=\"\u00bfTienes alguna pregunta o comentario? Ponte en contacto con nosotros a trav\u00e9s de nuestro formulario en l\u00ednea o por correo electr\u00f3nico. Estaremos encantados de ayudarte en lo que necesites.\" \/>\n<meta name=\"robots\" content=\"index, follow, max-snippet:-1, max-image-preview:large, max-video-preview:-1\" \/>\n<link rel=\"canonical\" href=\"https:\/\/hdaccesorios.com\/48custom\/contacto\/\" \/>\n<meta property=\"og:locale\" content=\"es_ES\" \/>\n<meta property=\"og:type\" content=\"article\" \/>\n<meta property=\"og:title\" content=\"Personaliza tu casco de moto con nosotros - \u00a1Cont\u00e1ctanos ahora! | 48custom - Personalizaci\u00f3n cascos y motos\" \/>\n<meta property=\"og:description\" content=\"\u00bfTienes alguna pregunta o comentario? Ponte en contacto con nosotros a trav\u00e9s de nuestro formulario en l\u00ednea o por correo electr\u00f3nico. Estaremos encantados de ayudarte en lo que necesites.\" \/>\n<meta property=\"og:url\" content=\"https:\/\/hdaccesorios.com\/48custom\/contacto\/\" \/>\n<meta property=\"og:site_name\" content=\"Personalizaci\u00f3n cascos y motos\" \/>\n<meta property=\"article:publisher\" content=\"https:\/\/www.facebook.com\/franciso.lozanotalamino\/\" \/>\n<meta property=\"article:modified_time\" content=\"2023-04-29T20:36:20+00:00\" \/>\n<meta property=\"og:image\" content=\"https:\/\/hdaccesorios.com\/48custom\/wp-content\/uploads\/2023\/04\/ms-icon-310x310-1.png\" \/>\n\t<meta property=\"og:image:width\" content=\"310\" \/>\n\t<meta property=\"og:image:height\" content=\"310\" \/>\n\t<meta property=\"og:image:type\" content=\"image\/png\" \/>\n<meta name=\"twitter:card\" content=\"summary_large_image\" \/>\n<meta name=\"twitter:label1\" content=\"Tiempo de lectura\" \/>\n\t<meta name=\"twitter:data1\" content=\"1 minuto\" \/>\n<script type=\"application\/ld+json\" class=\"yoast-schema-graph\">{\"@context\":\"https:\/\/schema.org\",\"@graph\":[{\"@type\":\"WebPage\",\"@id\":\"https:\/\/hdaccesorios.com\/48custom\/contacto\/\",\"url\":\"https:\/\/hdaccesorios.com\/48custom\/contacto\/\",\"name\":\"Personaliza tu casco de moto con nosotros - \u00a1Cont\u00e1ctanos ahora! | 48custom - Personalizaci\u00f3n cascos y motos\",\"isPartOf\":{\"@id\":\"https:\/\/hdaccesorios.com\/48custom\/#website\"},\"datePublished\":\"2023-04-20T16:06:17+00:00\",\"dateModified\":\"2023-04-29T20:36:20+00:00\",\"description\":\"\u00bfTienes alguna pregunta o comentario? Ponte en contacto con nosotros a trav\u00e9s de nuestro formulario en l\u00ednea o por correo electr\u00f3nico. Estaremos encantados de ayudarte en lo que necesites.\",\"breadcrumb\":{\"@id\":\"https:\/\/hdaccesorios.com\/48custom\/contacto\/#breadcrumb\"},\"inLanguage\":\"es\",\"potentialAction\":[{\"@type\":\"ReadAction\",\"target\":[\"https:\/\/hdaccesorios.com\/48custom\/contacto\/\"]}]},{\"@type\":\"BreadcrumbList\",\"@id\":\"https:\/\/hdaccesorios.com\/48custom\/contacto\/#breadcrumb\",\"itemListElement\":[{\"@type\":\"ListItem\",\"position\":1,\"name\":\"Portada\",\"item\":\"https:\/\/hdaccesorios.com\/48custom\/\"},{\"@type\":\"ListItem\",\"position\":2,\"name\":\"Personaliza tu casco de moto con nosotros &#8211; \u00a1Cont\u00e1ctanos ahora! | 48custom\"}]},{\"@type\":\"WebSite\",\"@id\":\"https:\/\/hdaccesorios.com\/48custom\/#website\",\"url\":\"https:\/\/hdaccesorios.com\/48custom\/\",\"name\":\"Personalizaci\u00f3n cascos y motos\",\"description\":\"Personaliza t\u00fa casco o moto\",\"publisher\":{\"@id\":\"https:\/\/hdaccesorios.com\/48custom\/#\/schema\/person\/e945b6ef1142ba610ae5021380d29178\"},\"alternateName\":\"pintar casco moto\",\"potentialAction\":[{\"@type\":\"SearchAction\",\"target\":{\"@type\":\"EntryPoint\",\"urlTemplate\":\"https:\/\/hdaccesorios.com\/48custom\/?s={search_term_string}\"},\"query-input\":{\"@type\":\"PropertyValueSpecification\",\"valueRequired\":true,\"valueName\":\"search_term_string\"}}],\"inLanguage\":\"es\"},{\"@type\":[\"Person\",\"Organization\"],\"@id\":\"https:\/\/hdaccesorios.com\/48custom\/#\/schema\/person\/e945b6ef1142ba610ae5021380d29178\",\"name\":\"48custom\",\"image\":{\"@type\":\"ImageObject\",\"inLanguage\":\"es\",\"@id\":\"https:\/\/hdaccesorios.com\/48custom\/wp-content\/uploads\/2023\/04\/48CustomLogo.jpg\",\"url\":\"https:\/\/hdaccesorios.com\/48custom\/wp-content\/uploads\/2023\/04\/48CustomLogo.jpg\",\"contentUrl\":\"https:\/\/hdaccesorios.com\/48custom\/wp-content\/uploads\/2023\/04\/48CustomLogo.jpg\",\"width\":1440,\"height\":1800,\"caption\":\"48custom\"},\"logo\":{\"@id\":\"https:\/\/hdaccesorios.com\/48custom\/wp-content\/uploads\/2023\/04\/48CustomLogo.jpg\"},\"sameAs\":[\"https:\/\/hdaccesorios.com\/48custon\",\"https:\/\/www.facebook.com\/franciso.lozanotalamino\/\"]}]}<\/script>\n<!-- \/ Yoast SEO plugin. -->","yoast_head_json":{"title":"Personaliza tu casco de moto con nosotros - \u00a1Cont\u00e1ctanos ahora! | 48custom - Personalizaci\u00f3n cascos y motos","description":"\u00bfTienes alguna pregunta o comentario? Ponte en contacto con nosotros a trav\u00e9s de nuestro formulario en l\u00ednea o por correo electr\u00f3nico. Estaremos encantados de ayudarte en lo que necesites.","robots":{"index":"index","follow":"follow","max-snippet":"max-snippet:-1","max-image-preview":"max-image-preview:large","max-video-preview":"max-video-preview:-1"},"canonical":"https:\/\/hdaccesorios.com\/48custom\/contacto\/","og_locale":"es_ES","og_type":"article","og_title":"Personaliza tu casco de moto con nosotros - \u00a1Cont\u00e1ctanos ahora! | 48custom - Personalizaci\u00f3n cascos y motos","og_description":"\u00bfTienes alguna pregunta o comentario? Ponte en contacto con nosotros a trav\u00e9s de nuestro formulario en l\u00ednea o por correo electr\u00f3nico. Estaremos encantados de ayudarte en lo que necesites.","og_url":"https:\/\/hdaccesorios.com\/48custom\/contacto\/","og_site_name":"Personalizaci\u00f3n cascos y motos","article_publisher":"https:\/\/www.facebook.com\/franciso.lozanotalamino\/","article_modified_time":"2023-04-29T20:36:20+00:00","og_image":[{"width":310,"height":310,"url":"https:\/\/hdaccesorios.com\/48custom\/wp-content\/uploads\/2023\/04\/ms-icon-310x310-1.png","type":"image\/png"}],"twitter_card":"summary_large_image","twitter_misc":{"Tiempo de lectura":"1 minuto"},"schema":{"@context":"https:\/\/schema.org","@graph":[{"@type":"WebPage","@id":"https:\/\/hdaccesorios.com\/48custom\/contacto\/","url":"https:\/\/hdaccesorios.com\/48custom\/contacto\/","name":"Personaliza tu casco de moto con nosotros - \u00a1Cont\u00e1ctanos ahora! | 48custom - Personalizaci\u00f3n cascos y motos","isPartOf":{"@id":"https:\/\/hdaccesorios.com\/48custom\/#website"},"datePublished":"2023-04-20T16:06:17+00:00","dateModified":"2023-04-29T20:36:20+00:00","description":"\u00bfTienes alguna pregunta o comentario? Ponte en contacto con nosotros a trav\u00e9s de nuestro formulario en l\u00ednea o por correo electr\u00f3nico. Estaremos encantados de ayudarte en lo que necesites.","breadcrumb":{"@id":"https:\/\/hdaccesorios.com\/48custom\/contacto\/#breadcrumb"},"inLanguage":"es","potentialAction":[{"@type":"ReadAction","target":["https:\/\/hdaccesorios.com\/48custom\/contacto\/"]}]},{"@type":"BreadcrumbList","@id":"https:\/\/hdaccesorios.com\/48custom\/contacto\/#breadcrumb","itemListElement":[{"@type":"ListItem","position":1,"name":"Portada","item":"https:\/\/hdaccesorios.com\/48custom\/"},{"@type":"ListItem","position":2,"name":"Personaliza tu casco de moto con nosotros &#8211; \u00a1Cont\u00e1ctanos ahora! | 48custom"}]},{"@type":"WebSite","@id":"https:\/\/hdaccesorios.com\/48custom\/#website","url":"https:\/\/hdaccesorios.com\/48custom\/","name":"Personalizaci\u00f3n cascos y motos","description":"Personaliza t\u00fa casco o moto","publisher":{"@id":"https:\/\/hdaccesorios.com\/48custom\/#\/schema\/person\/e945b6ef1142ba610ae5021380d29178"},"alternateName":"pintar casco moto","potentialAction":[{"@type":"SearchAction","target":{"@type":"EntryPoint","urlTemplate":"https:\/\/hdaccesorios.com\/48custom\/?s={search_term_string}"},"query-input":{"@type":"PropertyValueSpecification","valueRequired":true,"valueName":"search_term_string"}}],"inLanguage":"es"},{"@type":["Person","Organization"],"@id":"https:\/\/hdaccesorios.com\/48custom\/#\/schema\/person\/e945b6ef1142ba610ae5021380d29178","name":"48custom","image":{"@type":"ImageObject","inLanguage":"es","@id":"https:\/\/hdaccesorios.com\/48custom\/wp-content\/uploads\/2023\/04\/48CustomLogo.jpg","url":"https:\/\/hdaccesorios.com\/48custom\/wp-content\/uploads\/2023\/04\/48CustomLogo.jpg","contentUrl":"https:\/\/hdaccesorios.com\/48custom\/wp-content\/uploads\/2023\/04\/48CustomLogo.jpg","width":1440,"height":1800,"caption":"48custom"},"logo":{"@id":"https:\/\/hdaccesorios.com\/48custom\/wp-content\/uploads\/2023\/04\/48CustomLogo.jpg"},"sameAs":["https:\/\/hdaccesorios.com\/48custon","https:\/\/www.facebook.com\/franciso.lozanotalamino\/"]}]}},"_links":{"self":[{"href":"https:\/\/hdaccesorios.com\/48custom\/wp-json\/wp\/v2\/pages\/265","targetHints":{"allow":["GET"]}}],"collection":[{"href":"https:\/\/hdaccesorios.com\/48custom\/wp-json\/wp\/v2\/pages"}],"about":[{"href":"https:\/\/hdaccesorios.com\/48custom\/wp-json\/wp\/v2\/types\/page"}],"author":[{"embeddable":true,"href":"https:\/\/hdaccesorios.com\/48custom\/wp-json\/wp\/v2\/users\/1"}],"replies":[{"embeddable":true,"href":"https:\/\/hdaccesorios.com\/48custom\/wp-json\/wp\/v2\/comments?post=265"}],"version-history":[{"count":83,"href":"https:\/\/hdaccesorios.com\/48custom\/wp-json\/wp\/v2\/pages\/265\/revisions"}],"predecessor-version":[{"id":947,"href":"https:\/\/hdaccesorios.com\/48custom\/wp-json\/wp\/v2\/pages\/265\/revisions\/947"}],"wp:attachment":[{"href":"https:\/\/hdaccesorios.com\/48custom\/wp-json\/wp\/v2\/media?parent=265"}],"curies":[{"name":"wp","href":"https:\/\/api.w.org\/{rel}","templated":true}]}}